{"id":4303,"date":"2026-01-13T14:37:40","date_gmt":"2026-01-13T14:37:40","guid":{"rendered":"https:\/\/maxitory.com\/inspirations\/"},"modified":"2026-01-24T14:09:25","modified_gmt":"2026-01-24T14:09:25","slug":"inspirations","status":"publish","type":"page","link":"https:\/\/maxitory.com\/en\/inspirations\/","title":{"rendered":"Inspirations"},"content":{"rendered":"\t\t<div data-elementor-type=\"wp-page\" data-elementor-id=\"4303\" class=\"elementor elementor-4303 elementor-3517\" data-elementor-post-type=\"page\">\n\t\t\t\t<div class=\"elementor-element elementor-element-750ff39 e-flex e-con-boxed e-con e-parent\" data-id=\"750ff39\" data-element_type=\"container\" data-e-type=\"container\">\n\t\t\t\t\t<div class=\"e-con-inner\">\n\t\t<div class=\"elementor-element elementor-element-bdfe054 e-flex e-con-boxed e-con e-child\" data-id=\"bdfe054\" data-element_type=\"container\" data-e-type=\"container\">\n\t\t\t\t\t<div class=\"e-con-inner\">\n\t\t<div class=\"elementor-element elementor-element-388226b e-con-full e-flex e-con e-child\" data-id=\"388226b\" data-element_type=\"container\" data-e-type=\"container\">\n\t\t\t\t<div class=\"elementor-element elementor-element-e5d7c83 aleft elementor-widget elementor-widget-wgl-double-heading\" data-id=\"e5d7c83\" data-element_type=\"widget\" data-e-type=\"widget\" data-widget_type=\"wgl-double-heading.default\">\n\t\t\t\t<div class=\"elementor-widget-container\">\n\t\t\t\t\t<div class=\"wgl-double-heading\"><h5 class=\"dblh__subtitle\">Inspirations from our portfolio<\/h5><h3 class=\"dblh__title-wrapper\"><span class=\"dblh__title dblh__title-1\">Deep Dive into our\nConsulting Use Cases<\/span><\/h3><\/div>\t\t\t\t<\/div>\n\t\t\t\t<\/div>\n\t\t\t\t<\/div>\n\t\t<div class=\"elementor-element elementor-element-8e8e9fc e-con-full e-flex e-con e-child\" data-id=\"8e8e9fc\" data-element_type=\"container\" data-e-type=\"container\">\n\t\t\t\t<div class=\"elementor-element elementor-element-6cc6646 elementor-widget__width-initial elementor-widget-mobile__width-inherit elementor-widget elementor-widget-text-editor\" data-id=\"6cc6646\" data-element_type=\"widget\" data-e-type=\"widget\" data-widget_type=\"text-editor.default\">\n\t\t\t\t\t\t\t\t\t<p><span class=\"theme-header-font\">Maxitory supports companies with its diverse experience in their <\/span><span class=\"theme-header-font\">digital transformation and traditional decision-making processes.<br><br><strong>Innovative. Efficient. Direct.<\/strong><\/span><\/p>\t\t\t\t\t\t\t\t<\/div>\n\t\t\t\t<\/div>\n\t\t\t\t\t<\/div>\n\t\t\t\t<\/div>\n\t\t<div class=\"elementor-element elementor-element-9eb9baf e-flex e-con-boxed e-con e-child\" data-id=\"9eb9baf\" data-element_type=\"container\" data-e-type=\"container\">\n\t\t\t\t\t<div class=\"e-con-inner\">\n\t\t\t\t<div class=\"elementor-element elementor-element-503b75a elementor-widget elementor-widget-spacer\" data-id=\"503b75a\" data-element_type=\"widget\" data-e-type=\"widget\" data-widget_type=\"spacer.default\">\n\t\t\t\t\t\t\t<div class=\"elementor-spacer\">\n\t\t\t<div class=\"elementor-spacer-inner\"><\/div>\n\t\t<\/div>\n\t\t\t\t\t\t<\/div>\n\t\t\t\t<div class=\"elementor-element elementor-element-1003b18 elementor-widget elementor-widget-wgl-portfolio\" data-id=\"1003b18\" data-element_type=\"widget\" data-e-type=\"widget\" data-settings=\"{&quot;grid_gap&quot;:{&quot;unit&quot;:&quot;px&quot;,&quot;size&quot;:30,&quot;sizes&quot;:[]},&quot;grid_gap_tablet&quot;:{&quot;unit&quot;:&quot;px&quot;,&quot;size&quot;:&quot;&quot;,&quot;sizes&quot;:[]},&quot;grid_gap_mobile&quot;:{&quot;unit&quot;:&quot;px&quot;,&quot;size&quot;:&quot;&quot;,&quot;sizes&quot;:[]}}\" data-widget_type=\"wgl-portfolio.default\">\n\t\t\t\t<div class=\"elementor-widget-container\">\n\t\t\t\t\t<section class=\"wgl_cpt_section\"><div class=\"wgl-portfolio\" id=\"portfolio_module_69ee64ffc389c\"><div class=\"wgl-portfolio_wrapper\"><div class=\"wgl-portfolio_container container-grid row isotope masonry-4\"><div class=\"pf_item_size\" style=\"width: 25%;\"><\/div><article class=\"portfolio__item item business economy finance strategy\"><div class=\"item__wrapper description_inside_image animation_simple\"><div class=\"item__image\"><img decoding=\"async\" src=\"https:\/\/maxitory.com\/wp-content\/uploads\/2026\/01\/ChatGPT-Image-16.-Jan.-2026-16_38_07-1140x570.png\" alt=\"\" style=\"margin-top: -15px;\"><\/div><div class=\"item__description\"><a href=\"https:\/\/maxitory.com\/en\/portfolio\/market-research-competitive-analysis\/\" target=\"_blank\" class=\"single_link portfolio_link\"><\/a><div class=\"description__wrapper\"><div class=\"post_cats\"><a href=https:\/\/maxitory.com\/en\/portfolio-category\/business\/ class=\"portfolio-category\">Business<\/a><a href=https:\/\/maxitory.com\/en\/portfolio-category\/economy\/ class=\"portfolio-category\">Economy<\/a><a href=https:\/\/maxitory.com\/en\/portfolio-category\/finance\/ class=\"portfolio-category\">Finance<\/a><a href=https:\/\/maxitory.com\/en\/portfolio-category\/strategy\/ class=\"portfolio-category\">Strategy<\/a><\/div><div class=\"item__title\"><h5 class=\"title\"><a href=\"https:\/\/maxitory.com\/en\/portfolio\/market-research-competitive-analysis\/\" target=\"_blank\" class=\"single_link\">Market research &amp; competitive analysis<\/a><\/h5><\/div><\/div><\/div><div class=\"overlay\"><\/div><a href=\"https:\/\/maxitory.com\/en\/portfolio\/market-research-competitive-analysis\/\" target=\"_blank\" class=\"single_link portfolio_link\"><\/a><\/div><\/article><article class=\"portfolio__item item business economy finance strategy\"><div class=\"item__wrapper description_inside_image animation_simple\"><div class=\"item__image\"><img decoding=\"async\" src=\"https:\/\/maxitory.com\/wp-content\/uploads\/2026\/01\/Bildschirmfoto-2026-01-16-um-19.54.02-540x540.png\" alt=\"\"><\/div><div class=\"item__description\"><a href=\"https:\/\/maxitory.com\/en\/portfolio\/process-optimization-for-sustainable-cost-reduction\/\" target=\"_blank\" class=\"single_link portfolio_link\"><\/a><div class=\"description__wrapper\"><div class=\"post_cats\"><a href=https:\/\/maxitory.com\/en\/portfolio-category\/business\/ class=\"portfolio-category\">Business<\/a><a href=https:\/\/maxitory.com\/en\/portfolio-category\/economy\/ class=\"portfolio-category\">Economy<\/a><a href=https:\/\/maxitory.com\/en\/portfolio-category\/finance\/ class=\"portfolio-category\">Finance<\/a><a href=https:\/\/maxitory.com\/en\/portfolio-category\/strategy\/ class=\"portfolio-category\">Strategy<\/a><\/div><div class=\"item__title\"><h5 class=\"title\"><a href=\"https:\/\/maxitory.com\/en\/portfolio\/process-optimization-for-sustainable-cost-reduction\/\" target=\"_blank\" class=\"single_link\">Process optimization for sustainable cost reduction<\/a><\/h5><\/div><\/div><\/div><div class=\"overlay\"><\/div><a href=\"https:\/\/maxitory.com\/en\/portfolio\/process-optimization-for-sustainable-cost-reduction\/\" target=\"_blank\" class=\"single_link portfolio_link\"><\/a><\/div><\/article><article class=\"portfolio__item item ai business economy sales technology\"><div class=\"item__wrapper description_inside_image animation_simple\"><div class=\"item__image\"><img decoding=\"async\" src=\"https:\/\/maxitory.com\/wp-content\/uploads\/2026\/01\/Bildschirmfoto-2026-01-16-um-20.00.49-540x540.png\" alt=\"\"><\/div><div class=\"item__description\"><a href=\"https:\/\/maxitory.com\/en\/portfolio\/chat-voicebots-for-automated-communication\/\" target=\"_blank\" class=\"single_link portfolio_link\"><\/a><div class=\"description__wrapper\"><div class=\"post_cats\"><a href=https:\/\/maxitory.com\/en\/portfolio-category\/ai\/ class=\"portfolio-category\">AI<\/a><a href=https:\/\/maxitory.com\/en\/portfolio-category\/business\/ class=\"portfolio-category\">Business<\/a><a href=https:\/\/maxitory.com\/en\/portfolio-category\/economy\/ class=\"portfolio-category\">Economy<\/a><a href=https:\/\/maxitory.com\/en\/portfolio-category\/sales\/ class=\"portfolio-category\">Sales<\/a><a href=https:\/\/maxitory.com\/en\/portfolio-category\/technology\/ class=\"portfolio-category\">Technology<\/a><\/div><div class=\"item__title\"><h5 class=\"title\"><a href=\"https:\/\/maxitory.com\/en\/portfolio\/chat-voicebots-for-automated-communication\/\" target=\"_blank\" class=\"single_link\">Chat &amp; Voicebots for automated communication<\/a><\/h5><\/div><\/div><\/div><div class=\"overlay\"><\/div><a href=\"https:\/\/maxitory.com\/en\/portfolio\/chat-voicebots-for-automated-communication\/\" target=\"_blank\" class=\"single_link portfolio_link\"><\/a><\/div><\/article><article class=\"portfolio__item item ai business economy technology\"><div class=\"item__wrapper description_inside_image animation_simple\"><div class=\"item__image\"><img decoding=\"async\" src=\"https:\/\/maxitory.com\/wp-content\/uploads\/2026\/01\/Bildschirmfoto-2026-01-16-um-20.09.58-540x540.png\" alt=\"\"><\/div><div class=\"item__description\"><a href=\"https:\/\/maxitory.com\/en\/portfolio\/ai-powered-forecasting-for-volatile-markets\/\" target=\"_blank\" class=\"single_link portfolio_link\"><\/a><div class=\"description__wrapper\"><div class=\"post_cats\"><a href=https:\/\/maxitory.com\/en\/portfolio-category\/ai\/ class=\"portfolio-category\">AI<\/a><a href=https:\/\/maxitory.com\/en\/portfolio-category\/business\/ class=\"portfolio-category\">Business<\/a><a href=https:\/\/maxitory.com\/en\/portfolio-category\/economy\/ class=\"portfolio-category\">Economy<\/a><a href=https:\/\/maxitory.com\/en\/portfolio-category\/technology\/ class=\"portfolio-category\">Technology<\/a><\/div><div class=\"item__title\"><h5 class=\"title\"><a href=\"https:\/\/maxitory.com\/en\/portfolio\/ai-powered-forecasting-for-volatile-markets\/\" target=\"_blank\" class=\"single_link\">AI-powered forecasting for volatile markets<\/a><\/h5><\/div><\/div><\/div><div class=\"overlay\"><\/div><a href=\"https:\/\/maxitory.com\/en\/portfolio\/ai-powered-forecasting-for-volatile-markets\/\" target=\"_blank\" class=\"single_link portfolio_link\"><\/a><\/div><\/article><article class=\"portfolio__item item business economy strategy technology\"><div class=\"item__wrapper description_inside_image animation_simple\"><div class=\"item__image\"><img decoding=\"async\" src=\"https:\/\/maxitory.com\/wp-content\/uploads\/2023\/11\/tl-2-540x540.jpg\" alt=\"\"><\/div><div class=\"item__description\"><a href=\"https:\/\/maxitory.com\/en\/portfolio\/operational-project-management-for-the-introduction-of-erp-software\/\" target=\"_blank\" class=\"single_link portfolio_link\"><\/a><div class=\"description__wrapper\"><div class=\"post_cats\"><a href=https:\/\/maxitory.com\/en\/portfolio-category\/business\/ class=\"portfolio-category\">Business<\/a><a href=https:\/\/maxitory.com\/en\/portfolio-category\/economy\/ class=\"portfolio-category\">Economy<\/a><a href=https:\/\/maxitory.com\/en\/portfolio-category\/strategy\/ class=\"portfolio-category\">Strategy<\/a><a href=https:\/\/maxitory.com\/en\/portfolio-category\/technology\/ class=\"portfolio-category\">Technology<\/a><\/div><div class=\"item__title\"><h5 class=\"title\"><a href=\"https:\/\/maxitory.com\/en\/portfolio\/operational-project-management-for-the-introduction-of-erp-software\/\" target=\"_blank\" class=\"single_link\">Operational project management for the introduction of ERP software<\/a><\/h5><\/div><\/div><\/div><div class=\"overlay\"><\/div><a href=\"https:\/\/maxitory.com\/en\/portfolio\/operational-project-management-for-the-introduction-of-erp-software\/\" target=\"_blank\" class=\"single_link portfolio_link\"><\/a><\/div><\/article><article class=\"portfolio__item item ai business economy sales technology\"><div class=\"item__wrapper description_inside_image animation_simple\"><div class=\"item__image\"><img decoding=\"async\" src=\"https:\/\/maxitory.com\/wp-content\/uploads\/2023\/11\/Bildschirmfoto-2026-01-13-um-17.51.02-1140x570.png\" alt=\"\" style=\"margin-top: -15px;\"><\/div><div class=\"item__description\"><a href=\"https:\/\/maxitory.com\/en\/portfolio\/sales-automations-with-ai\/\" target=\"_blank\" class=\"single_link portfolio_link\"><\/a><div class=\"description__wrapper\"><div class=\"post_cats\"><a href=https:\/\/maxitory.com\/en\/portfolio-category\/ai\/ class=\"portfolio-category\">AI<\/a><a href=https:\/\/maxitory.com\/en\/portfolio-category\/business\/ class=\"portfolio-category\">Business<\/a><a href=https:\/\/maxitory.com\/en\/portfolio-category\/economy\/ class=\"portfolio-category\">Economy<\/a><a href=https:\/\/maxitory.com\/en\/portfolio-category\/sales\/ class=\"portfolio-category\">Sales<\/a><a href=https:\/\/maxitory.com\/en\/portfolio-category\/technology\/ class=\"portfolio-category\">Technology<\/a><\/div><div class=\"item__title\"><h5 class=\"title\"><a href=\"https:\/\/maxitory.com\/en\/portfolio\/sales-automations-with-ai\/\" target=\"_blank\" class=\"single_link\">Sales automations with AI<\/a><\/h5><\/div><\/div><\/div><div class=\"overlay\"><\/div><a href=\"https:\/\/maxitory.com\/en\/portfolio\/sales-automations-with-ai\/\" target=\"_blank\" class=\"single_link portfolio_link\"><\/a><\/div><\/article><\/div><\/div><div class=\"clear\"><\/div><div class=\"load_more_wrapper\"><div class=\"button_wrapper\"><button class=\"load_more_item wgl-button\"><i class=\"wgl_loading_icon fa fa-sync-alt\"><\/i><span class=\"load_more__text\">Learn more<\/span><\/button><\/div><form class=\"posts_grid_ajax\"><input type=\"hidden\" class=\"ajax_data\" name=\"69ee64ffd0dde_ajax_data\" value=\"{&quot;remainings_loading_type&quot;:&quot;load_more&quot;,&quot;load_more_text&quot;:&quot;Learn more&quot;,&quot;number_of_posts&quot;:6,&quot;load_more_margin&quot;:{&quot;unit&quot;:&quot;px&quot;,&quot;top&quot;:&quot;40&quot;,&quot;right&quot;:&quot;0&quot;,&quot;bottom&quot;:&quot;0&quot;,&quot;left&quot;:&quot;0&quot;,&quot;isLinked&quot;:false},&quot;button_border_animation_offset&quot;:{&quot;unit&quot;:&quot;px&quot;,&quot;size&quot;:12,&quot;sizes&quot;:[]},&quot;layout&quot;:&quot;masonry-4&quot;,&quot;description_position&quot;:&quot;inside_image&quot;,&quot;description_animation&quot;:&quot;simple&quot;,&quot;remainings_loading_btn_items_amount&quot;:3,&quot;link_target&quot;:&quot;yes&quot;,&quot;headings_typography&quot;:&quot;custom&quot;,&quot;headings_font_size&quot;:{&quot;unit&quot;:&quot;px&quot;,&quot;size&quot;:20,&quot;sizes&quot;:[]},&quot;headings_font_size_mobile&quot;:{&quot;unit&quot;:&quot;px&quot;,&quot;size&quot;:12,&quot;sizes&quot;:[]},&quot;grid_gap&quot;:30,&quot;grid_gap_tablet&quot;:{&quot;unit&quot;:&quot;px&quot;,&quot;size&quot;:&quot;&quot;,&quot;sizes&quot;:[]},&quot;grid_gap_mobile&quot;:{&quot;unit&quot;:&quot;px&quot;,&quot;size&quot;:&quot;&quot;,&quot;sizes&quot;:[]},&quot;image_masonry_size&quot;:{&quot;unit&quot;:&quot;px&quot;,&quot;size&quot;:&quot;&quot;,&quot;sizes&quot;:[]},&quot;show_portfolio_title&quot;:&quot;yes&quot;,&quot;show_meta_categories&quot;:&quot;yes&quot;,&quot;image_has_link&quot;:&quot;yes&quot;,&quot;title_has_link&quot;:&quot;yes&quot;,&quot;link_destination&quot;:&quot;single&quot;,&quot;order_by&quot;:&quot;date&quot;,&quot;order&quot;:&quot;DESC&quot;,&quot;images_grayscale_idle&quot;:{&quot;unit&quot;:&quot;px&quot;,&quot;size&quot;:&quot;&quot;,&quot;sizes&quot;:[]},&quot;images_grayscale_hover&quot;:{&quot;unit&quot;:&quot;px&quot;,&quot;size&quot;:&quot;&quot;,&quot;sizes&quot;:[]},&quot;description_margin&quot;:{&quot;unit&quot;:&quot;px&quot;,&quot;top&quot;:&quot;&quot;,&quot;right&quot;:&quot;&quot;,&quot;bottom&quot;:&quot;&quot;,&quot;left&quot;:&quot;&quot;,&quot;isLinked&quot;:true},&quot;description_padding&quot;:{&quot;unit&quot;:&quot;px&quot;,&quot;top&quot;:&quot;&quot;,&quot;right&quot;:&quot;&quot;,&quot;bottom&quot;:&quot;&quot;,&quot;left&quot;:&quot;&quot;,&quot;isLinked&quot;:true},&quot;description_radius&quot;:{&quot;unit&quot;:&quot;px&quot;,&quot;top&quot;:&quot;&quot;,&quot;right&quot;:&quot;&quot;,&quot;bottom&quot;:&quot;&quot;,&quot;left&quot;:&quot;&quot;,&quot;isLinked&quot;:true},&quot;headings_line_height&quot;:{&quot;unit&quot;:&quot;px&quot;,&quot;size&quot;:&quot;&quot;,&quot;sizes&quot;:[]},&quot;headings_letter_spacing&quot;:{&quot;unit&quot;:&quot;px&quot;,&quot;size&quot;:&quot;&quot;,&quot;sizes&quot;:[]},&quot;headings_word_spacing&quot;:{&quot;unit&quot;:&quot;px&quot;,&quot;size&quot;:&quot;&quot;,&quot;sizes&quot;:[]},&quot;headings_padding&quot;:{&quot;unit&quot;:&quot;px&quot;,&quot;top&quot;:&quot;&quot;,&quot;right&quot;:&quot;&quot;,&quot;bottom&quot;:&quot;&quot;,&quot;left&quot;:&quot;&quot;,&quot;isLinked&quot;:true},&quot;cat_margin&quot;:{&quot;unit&quot;:&quot;px&quot;,&quot;top&quot;:&quot;&quot;,&quot;right&quot;:&quot;&quot;,&quot;bottom&quot;:&quot;&quot;,&quot;left&quot;:&quot;&quot;,&quot;isLinked&quot;:true},&quot;cat_radius&quot;:{&quot;unit&quot;:&quot;px&quot;,&quot;top&quot;:&quot;&quot;,&quot;right&quot;:&quot;&quot;,&quot;bottom&quot;:&quot;&quot;,&quot;left&quot;:&quot;&quot;,&quot;isLinked&quot;:true},&quot;cat_padding_idle&quot;:{&quot;unit&quot;:&quot;px&quot;,&quot;top&quot;:&quot;&quot;,&quot;right&quot;:&quot;&quot;,&quot;bottom&quot;:&quot;&quot;,&quot;left&quot;:&quot;&quot;,&quot;isLinked&quot;:true},&quot;cat_padding_hover&quot;:{&quot;unit&quot;:&quot;px&quot;,&quot;top&quot;:&quot;&quot;,&quot;right&quot;:&quot;&quot;,&quot;bottom&quot;:&quot;&quot;,&quot;left&quot;:&quot;&quot;,&quot;isLinked&quot;:true},&quot;load_more_alignment&quot;:&quot;center&quot;,&quot;load_more_padding&quot;:{&quot;unit&quot;:&quot;px&quot;,&quot;top&quot;:&quot;&quot;,&quot;right&quot;:&quot;&quot;,&quot;bottom&quot;:&quot;&quot;,&quot;left&quot;:&quot;&quot;,&quot;isLinked&quot;:true},&quot;load_more_radius&quot;:{&quot;unit&quot;:&quot;px&quot;,&quot;top&quot;:&quot;&quot;,&quot;right&quot;:&quot;&quot;,&quot;bottom&quot;:&quot;&quot;,&quot;left&quot;:&quot;&quot;,&quot;isLinked&quot;:true},&quot;_margin&quot;:{&quot;unit&quot;:&quot;px&quot;,&quot;top&quot;:&quot;&quot;,&quot;right&quot;:&quot;&quot;,&quot;bottom&quot;:&quot;&quot;,&quot;left&quot;:&quot;&quot;,&quot;isLinked&quot;:true},&quot;_padding&quot;:{&quot;unit&quot;:&quot;px&quot;,&quot;top&quot;:&quot;&quot;,&quot;right&quot;:&quot;&quot;,&quot;bottom&quot;:&quot;&quot;,&quot;left&quot;:&quot;&quot;,&quot;isLinked&quot;:true},&quot;_transform_keep_proportions&quot;:&quot;yes&quot;,&quot;_transform_keep_proportions_hover&quot;:&quot;yes&quot;,&quot;_transform_transition_hover&quot;:{&quot;unit&quot;:&quot;px&quot;,&quot;size&quot;:&quot;&quot;,&quot;sizes&quot;:[]},&quot;_background_hover_transition&quot;:{&quot;unit&quot;:&quot;px&quot;,&quot;size&quot;:&quot;&quot;,&quot;sizes&quot;:[]},&quot;_border_radius&quot;:{&quot;unit&quot;:&quot;px&quot;,&quot;top&quot;:&quot;&quot;,&quot;right&quot;:&quot;&quot;,&quot;bottom&quot;:&quot;&quot;,&quot;left&quot;:&quot;&quot;,&quot;isLinked&quot;:true},&quot;_border_radius_hover&quot;:{&quot;unit&quot;:&quot;px&quot;,&quot;top&quot;:&quot;&quot;,&quot;right&quot;:&quot;&quot;,&quot;bottom&quot;:&quot;&quot;,&quot;left&quot;:&quot;&quot;,&quot;isLinked&quot;:true},&quot;_border_hover_transition&quot;:{&quot;unit&quot;:&quot;px&quot;,&quot;size&quot;:&quot;&quot;,&quot;sizes&quot;:[]},&quot;module_id&quot;:&quot;portfolio_module_69ee64ffc389c&quot;,&quot;query_args&quot;:{&quot;post_status&quot;:&quot;publish&quot;,&quot;posts_per_page&quot;:6,&quot;orderby&quot;:&quot;date&quot;,&quot;order&quot;:&quot;DESC&quot;,&quot;paged&quot;:1,&quot;post_type&quot;:&quot;portfolio&quot;},&quot;post_count&quot;:6,&quot;found_posts&quot;:7,&quot;masonry_post_index&quot;:6}\"><\/form><\/div><\/div><\/section>\t\t\t\t<\/div>\n\t\t\t\t<\/div>\n\t\t\t\t<div class=\"elementor-element elementor-element-a36b7d0 elementor-widget elementor-widget-spacer\" data-id=\"a36b7d0\" data-element_type=\"widget\" data-e-type=\"widget\" data-widget_type=\"spacer.default\">\n\t\t\t\t\t\t\t<div class=\"elementor-spacer\">\n\t\t\t<div class=\"elementor-spacer-inner\"><\/div>\n\t\t<\/div>\n\t\t\t\t\t\t<\/div>\n\t\t\t\t\t<\/div>\n\t\t\t\t<\/div>\n\t\t\t\t\t<\/div>\n\t\t\t\t<\/div>\n\t\t\t\t<\/div>\n\t\t","protected":false},"excerpt":{"rendered":"<p>Inspirations from our portfolio Deep Dive into our Consulting Use Cases Maxitory supports companies with its diverse experience in their digital transformation and traditional decision-making processes. Innovative. Efficient. Direct. BusinessEconomyFinanceStrategy Marktrecherchen &amp; Wettbewerbsanalysen BusinessEconomyFinanceStrategy Prozessoptimierung zur nachhaltigen Kostenreduktion AIBusinessEconomySalesTechnology Chat- &amp; Voicebots f\u00fcr automatisierte Kommunikation AIBusinessEconomyTechnology KI-gest\u00fctzte Prognose f\u00fcr volatile M\u00e4rkte BusinessEconomyStrategyTechnology Operative Projektleitung zur [&hellip;]<\/p>\n","protected":false},"author":1,"featured_media":0,"parent":0,"menu_order":0,"comment_status":"closed","ping_status":"closed","template":"","meta":{"footnotes":""},"class_list":["post-4303","page","type-page","status-publish","hentry"],"_links":{"self":[{"href":"https:\/\/maxitory.com\/en\/wp-json\/wp\/v2\/pages\/4303","targetHints":{"allow":["GET"]}}],"collection":[{"href":"https:\/\/maxitory.com\/en\/wp-json\/wp\/v2\/pages"}],"about":[{"href":"https:\/\/maxitory.com\/en\/wp-json\/wp\/v2\/types\/page"}],"author":[{"embeddable":true,"href":"https:\/\/maxitory.com\/en\/wp-json\/wp\/v2\/users\/1"}],"replies":[{"embeddable":true,"href":"https:\/\/maxitory.com\/en\/wp-json\/wp\/v2\/comments?post=4303"}],"version-history":[{"count":1,"href":"https:\/\/maxitory.com\/en\/wp-json\/wp\/v2\/pages\/4303\/revisions"}],"predecessor-version":[{"id":4310,"href":"https:\/\/maxitory.com\/en\/wp-json\/wp\/v2\/pages\/4303\/revisions\/4310"}],"wp:attachment":[{"href":"https:\/\/maxitory.com\/en\/wp-json\/wp\/v2\/media?parent=4303"}],"curies":[{"name":"wp","href":"https:\/\/api.w.org\/{rel}","templated":true}]}}